{"id":796,"date":"2023-01-29T00:05:29","date_gmt":"2023-01-28T23:05:29","guid":{"rendered":"https:\/\/villa-perla-bianca.com\/?page_id=796"},"modified":"2023-01-29T00:17:05","modified_gmt":"2023-01-28T23:17:05","slug":"politique-de-confidentialite-2","status":"publish","type":"page","link":"https:\/\/villa-perla-bianca.com\/index.php\/politique-de-confidentialite-2\/","title":{"rendered":"Politique de confidentialit\u00e9"},"content":{"rendered":"\t\t<div data-elementor-type=\"wp-page\" data-elementor-id=\"796\" class=\"elementor elementor-796\" data-elementor-post-type=\"page\">\n\t\t\t\t\t\t<section class=\"elementor-section elementor-top-section elementor-element elementor-element-28505d78 elementor-section-boxed elementor-section-height-default elementor-section-height-default\" data-id=\"28505d78\" data-element_type=\"section\" data-e-type=\"section\">\n\t\t\t\t\t\t<div class=\"elementor-container elementor-column-gap-default\">\n\t\t\t\t\t<div class=\"elementor-column elementor-col-100 elementor-top-column elementor-element elementor-element-74ba9437\" data-id=\"74ba9437\" data-element_type=\"column\" data-e-type=\"column\">\n\t\t\t<div class=\"elementor-widget-wrap elementor-element-populated\">\n\t\t\t\t\t\t<div class=\"elementor-element elementor-element-448e9d5 elementor-widget elementor-widget-heading\" data-id=\"448e9d5\" data-element_type=\"widget\" data-e-type=\"widget\" data-widget_type=\"heading.default\">\n\t\t\t\t<div class=\"elementor-widget-container\">\n\t\t\t\t\t<h2 class=\"elementor-heading-title elementor-size-default\">Politique de confidentialit\u00e9<\/h2>\t\t\t\t<\/div>\n\t\t\t\t<\/div>\n\t\t\t\t<div class=\"elementor-element elementor-element-49b6c10c elementor-widget elementor-widget-text-editor\" data-id=\"49b6c10c\" data-element_type=\"widget\" data-e-type=\"widget\" data-widget_type=\"text-editor.default\">\n\t\t\t\t<div class=\"elementor-widget-container\">\n\t\t\t\t\t\t\t\t\t\n<h2 class=\"wp-block-heading\">Qui sommes-nous\u00a0?<\/h2>\n\n<p>Nous sommes Jennifer et Laury Sabatier.<\/p>\n\n<p>Il y a plusieurs ann\u00e9es, lors d&rsquo;un voyage entre amis, nous sommes tomb\u00e9s amoureux de la Sicile. La richesse de la <strong>culture locale, des \u00e9tendues sauvages, une gastronomie<\/strong> sans pareil (et oui, nous sommes fran\u00e7ais), la chaleur des habitants&#8230; C\u2019est tout le charme de cette belle \u00eele !<br \/><br \/>Ce sont les raisons pour lesquelles nous avons d\u00e9cid\u00e9 de mener \u00e0 bien ce projet un peu fou. Les choses n\u2019ont pas toujours \u00e9t\u00e9 simples, il a fallu notamment se mettre s\u00e9rieusement \u00e0 l\u2019italien\u2026 Mais nous \u00e9tions d\u00e9termin\u00e9s \u00e0\u00a0<strong>partager toutes ces belles \u00e9motions avec vous<\/strong>\u00a0et sommes certains que vous passerez des vacances inoubliables \u00e0 Perla Bianca !\u200b<\/p>\n\n<h2 class=\"wp-block-heading\">\u00a0<\/h2>\n<h2>Cookies<\/h2>\n\n<p>Si vous r\u00e9servez un s\u00e9jour sur notre site, il vous sera propos\u00e9 d\u2019enregistrer votre nom, pr\u00e9nom, adresse, pays de r\u00e9sidence et adresse e-mail dans des cookies. C\u2019est uniquement pour votre confort afin de ne pas avoir \u00e0 saisir ces informations si vous faites \u00e0 nouveau une r\u00e9servation plus tard. Ces cookies expirent au bout d\u2019un an.<\/p>\n\n<p>Si vous vous rendez sur la page de connexion, un cookie temporaire sera cr\u00e9\u00e9 afin de d\u00e9terminer si votre navigateur accepte les cookies. Il ne contient pas de donn\u00e9es personnelles et sera supprim\u00e9 automatiquement \u00e0 la fermeture de votre navigateur.<\/p>\n\n<p>Lorsque vous vous connecterez, nous mettrons en place un certain nombre de cookies pour enregistrer vos informations de connexion et vos pr\u00e9f\u00e9rences d\u2019\u00e9cran. La dur\u00e9e de vie d\u2019un cookie de connexion est de deux jours, celle d\u2019un cookie d\u2019option d\u2019\u00e9cran est d\u2019un an. Si vous cochez \u00ab\u00a0Se souvenir de moi\u00a0\u00bb, votre cookie de connexion sera conserv\u00e9 pendant deux semaines. Si vous vous d\u00e9connectez de votre compte, le cookie de connexion sera effac\u00e9.<\/p>\n\n<h2 class=\"wp-block-heading\">\u00a0<\/h2>\n<h2>Utilisation et transmission de vos donn\u00e9es personnelles<\/h2>\n\n<p>Nous utiliserons vos donn\u00e9es personnelles uniquement dans le cadre d&rsquo;envoi de mail pour la r\u00e9servation, le paiement ou d&rsquo;\u00e9ventuelles informations \u00e0 vous transmettre.<\/p>\n\n<h2 class=\"wp-block-heading\">\u00a0<\/h2>\n<h2>Dur\u00e9es de stockage de vos donn\u00e9es<\/h2>\n\n<p>Pour les comptes qui s\u2019inscrivent sur notre site, nous stockons les donn\u00e9es personnelles indiqu\u00e9es dans leur profil. Les gestionnaires du site peuvent voir et modifier ces informations. Elles ne seront utilis\u00e9e uniquement dans le cadre de la r\u00e9servation et du paiement du s\u00e9jour.<\/p>\n\n<h2 class=\"wp-block-heading\">\u00a0<\/h2>\n<h2>Les droits que vous avez sur vos donn\u00e9es<\/h2>\n\n<p>Si vous avez un compte ou si vous avez fait une r\u00e9servation sur le site, vous pouvez demander \u00e0 recevoir un fichier contenant toutes les donn\u00e9es personnelles que nous poss\u00e9dons \u00e0 votre sujet, incluant celles que vous nous avez fournies. Vous pouvez \u00e9galement demander la suppression des donn\u00e9es personnelles vous concernant. Cela ne prend pas en compte les donn\u00e9es stock\u00e9es \u00e0 des fins administratives, l\u00e9gales ou pour des raisons de s\u00e9curit\u00e9.<\/p>\n\t\t\t\t\t\t\t\t<\/div>\n\t\t\t\t<\/div>\n\t\t\t\t\t<\/div>\n\t\t<\/div>\n\t\t\t\t\t<\/div>\n\t\t<\/section>\n\t\t\t\t<\/div>\n\t\t","protected":false},"excerpt":{"rendered":"<p>Politique de confidentialit\u00e9 Qui sommes-nous\u00a0? Nous sommes Jennifer et Laury Sabatier. Il y a plusieurs ann\u00e9es, lors d&rsquo;un voyage entre amis, nous sommes tomb\u00e9s amoureux de la Sicile. La richesse de la culture locale, des \u00e9tendues sauvages, une gastronomie sans pareil (et oui, nous sommes fran\u00e7ais), la chaleur des habitants&#8230; C\u2019est tout le charme de [&hellip;]<\/p>\n","protected":false},"author":1,"featured_media":0,"parent":0,"menu_order":0,"comment_status":"closed","ping_status":"closed","template":"","meta":{"footnotes":""},"class_list":["post-796","page","type-page","status-publish","hentry"],"yoast_head":"<!-- This site is optimized with the Yoast SEO plugin v27.4 - https:\/\/yoast.com\/product\/yoast-seo-wordpress\/ -->\n<title>Politique de confidentialit\u00e9 | Villa Perla Blanca<\/title>\n<meta name=\"robots\" content=\"index, follow, max-snippet:-1, max-image-preview:large, max-video-preview:-1\" \/>\n<link rel=\"canonical\" href=\"https:\/\/villa-perla-bianca.com\/index.php\/politique-de-confidentialite-2\/\" \/>\n<meta property=\"og:locale\" content=\"fr_FR\" \/>\n<meta property=\"og:type\" content=\"article\" \/>\n<meta property=\"og:title\" content=\"Politique de confidentialit\u00e9 | Villa Perla Blanca\" \/>\n<meta property=\"og:description\" content=\"Politique de confidentialit\u00e9 Qui sommes-nous\u00a0? Nous sommes Jennifer et Laury Sabatier. Il y a plusieurs ann\u00e9es, lors d&rsquo;un voyage entre amis, nous sommes tomb\u00e9s amoureux de la Sicile. La richesse de la culture locale, des \u00e9tendues sauvages, une gastronomie sans pareil (et oui, nous sommes fran\u00e7ais), la chaleur des habitants&#8230; C\u2019est tout le charme de [&hellip;]\" \/>\n<meta property=\"og:url\" content=\"https:\/\/villa-perla-bianca.com\/index.php\/politique-de-confidentialite-2\/\" \/>\n<meta property=\"og:site_name\" content=\"Villa Perla Blanca\" \/>\n<meta property=\"article:modified_time\" content=\"2023-01-28T23:17:05+00:00\" \/>\n<meta name=\"twitter:card\" content=\"summary_large_image\" \/>\n<meta name=\"twitter:label1\" content=\"Dur\u00e9e de lecture estim\u00e9e\" \/>\n\t<meta name=\"twitter:data1\" content=\"3 minutes\" \/>\n<script type=\"application\/ld+json\" class=\"yoast-schema-graph\">{\"@context\":\"https:\\\/\\\/schema.org\",\"@graph\":[{\"@type\":\"WebPage\",\"@id\":\"https:\\\/\\\/villa-perla-bianca.com\\\/index.php\\\/politique-de-confidentialite-2\\\/\",\"url\":\"https:\\\/\\\/villa-perla-bianca.com\\\/index.php\\\/politique-de-confidentialite-2\\\/\",\"name\":\"Politique de confidentialit\u00e9 | Villa Perla Blanca\",\"isPartOf\":{\"@id\":\"https:\\\/\\\/villa-perla-bianca.com\\\/#website\"},\"datePublished\":\"2023-01-28T23:05:29+00:00\",\"dateModified\":\"2023-01-28T23:17:05+00:00\",\"breadcrumb\":{\"@id\":\"https:\\\/\\\/villa-perla-bianca.com\\\/index.php\\\/politique-de-confidentialite-2\\\/#breadcrumb\"},\"inLanguage\":\"fr-FR\",\"potentialAction\":[{\"@type\":\"ReadAction\",\"target\":[\"https:\\\/\\\/villa-perla-bianca.com\\\/index.php\\\/politique-de-confidentialite-2\\\/\"]}]},{\"@type\":\"BreadcrumbList\",\"@id\":\"https:\\\/\\\/villa-perla-bianca.com\\\/index.php\\\/politique-de-confidentialite-2\\\/#breadcrumb\",\"itemListElement\":[{\"@type\":\"ListItem\",\"position\":1,\"name\":\"Accueil\",\"item\":\"https:\\\/\\\/villa-perla-bianca.com\\\/\"},{\"@type\":\"ListItem\",\"position\":2,\"name\":\"Politique de confidentialit\u00e9\"}]},{\"@type\":\"WebSite\",\"@id\":\"https:\\\/\\\/villa-perla-bianca.com\\\/#website\",\"url\":\"https:\\\/\\\/villa-perla-bianca.com\\\/\",\"name\":\"Villa Perla Blanca\",\"description\":\"Villa aux racines siciliennes\",\"publisher\":{\"@id\":\"https:\\\/\\\/villa-perla-bianca.com\\\/#organization\"},\"potentialAction\":[{\"@type\":\"SearchAction\",\"target\":{\"@type\":\"EntryPoint\",\"urlTemplate\":\"https:\\\/\\\/villa-perla-bianca.com\\\/?s={search_term_string}\"},\"query-input\":{\"@type\":\"PropertyValueSpecification\",\"valueRequired\":true,\"valueName\":\"search_term_string\"}}],\"inLanguage\":\"fr-FR\"},{\"@type\":\"Organization\",\"@id\":\"https:\\\/\\\/villa-perla-bianca.com\\\/#organization\",\"name\":\"Villa Perla Blanca\",\"url\":\"https:\\\/\\\/villa-perla-bianca.com\\\/\",\"logo\":{\"@type\":\"ImageObject\",\"inLanguage\":\"fr-FR\",\"@id\":\"https:\\\/\\\/villa-perla-bianca.com\\\/#\\\/schema\\\/logo\\\/image\\\/\",\"url\":\"https:\\\/\\\/villa-perla-bianca.com\\\/wp-content\\\/uploads\\\/2023\\\/01\\\/carte-de-visite-recto.png\",\"contentUrl\":\"https:\\\/\\\/villa-perla-bianca.com\\\/wp-content\\\/uploads\\\/2023\\\/01\\\/carte-de-visite-recto.png\",\"width\":2085,\"height\":1199,\"caption\":\"Villa Perla Blanca\"},\"image\":{\"@id\":\"https:\\\/\\\/villa-perla-bianca.com\\\/#\\\/schema\\\/logo\\\/image\\\/\"}}]}<\/script>\n<!-- \/ Yoast SEO plugin. -->","yoast_head_json":{"title":"Politique de confidentialit\u00e9 | Villa Perla Blanca","robots":{"index":"index","follow":"follow","max-snippet":"max-snippet:-1","max-image-preview":"max-image-preview:large","max-video-preview":"max-video-preview:-1"},"canonical":"https:\/\/villa-perla-bianca.com\/index.php\/politique-de-confidentialite-2\/","og_locale":"fr_FR","og_type":"article","og_title":"Politique de confidentialit\u00e9 | Villa Perla Blanca","og_description":"Politique de confidentialit\u00e9 Qui sommes-nous\u00a0? Nous sommes Jennifer et Laury Sabatier. Il y a plusieurs ann\u00e9es, lors d&rsquo;un voyage entre amis, nous sommes tomb\u00e9s amoureux de la Sicile. La richesse de la culture locale, des \u00e9tendues sauvages, une gastronomie sans pareil (et oui, nous sommes fran\u00e7ais), la chaleur des habitants&#8230; C\u2019est tout le charme de [&hellip;]","og_url":"https:\/\/villa-perla-bianca.com\/index.php\/politique-de-confidentialite-2\/","og_site_name":"Villa Perla Blanca","article_modified_time":"2023-01-28T23:17:05+00:00","twitter_card":"summary_large_image","twitter_misc":{"Dur\u00e9e de lecture estim\u00e9e":"3 minutes"},"schema":{"@context":"https:\/\/schema.org","@graph":[{"@type":"WebPage","@id":"https:\/\/villa-perla-bianca.com\/index.php\/politique-de-confidentialite-2\/","url":"https:\/\/villa-perla-bianca.com\/index.php\/politique-de-confidentialite-2\/","name":"Politique de confidentialit\u00e9 | Villa Perla Blanca","isPartOf":{"@id":"https:\/\/villa-perla-bianca.com\/#website"},"datePublished":"2023-01-28T23:05:29+00:00","dateModified":"2023-01-28T23:17:05+00:00","breadcrumb":{"@id":"https:\/\/villa-perla-bianca.com\/index.php\/politique-de-confidentialite-2\/#breadcrumb"},"inLanguage":"fr-FR","potentialAction":[{"@type":"ReadAction","target":["https:\/\/villa-perla-bianca.com\/index.php\/politique-de-confidentialite-2\/"]}]},{"@type":"BreadcrumbList","@id":"https:\/\/villa-perla-bianca.com\/index.php\/politique-de-confidentialite-2\/#breadcrumb","itemListElement":[{"@type":"ListItem","position":1,"name":"Accueil","item":"https:\/\/villa-perla-bianca.com\/"},{"@type":"ListItem","position":2,"name":"Politique de confidentialit\u00e9"}]},{"@type":"WebSite","@id":"https:\/\/villa-perla-bianca.com\/#website","url":"https:\/\/villa-perla-bianca.com\/","name":"Villa Perla Blanca","description":"Villa aux racines siciliennes","publisher":{"@id":"https:\/\/villa-perla-bianca.com\/#organization"},"potentialAction":[{"@type":"SearchAction","target":{"@type":"EntryPoint","urlTemplate":"https:\/\/villa-perla-bianca.com\/?s={search_term_string}"},"query-input":{"@type":"PropertyValueSpecification","valueRequired":true,"valueName":"search_term_string"}}],"inLanguage":"fr-FR"},{"@type":"Organization","@id":"https:\/\/villa-perla-bianca.com\/#organization","name":"Villa Perla Blanca","url":"https:\/\/villa-perla-bianca.com\/","logo":{"@type":"ImageObject","inLanguage":"fr-FR","@id":"https:\/\/villa-perla-bianca.com\/#\/schema\/logo\/image\/","url":"https:\/\/villa-perla-bianca.com\/wp-content\/uploads\/2023\/01\/carte-de-visite-recto.png","contentUrl":"https:\/\/villa-perla-bianca.com\/wp-content\/uploads\/2023\/01\/carte-de-visite-recto.png","width":2085,"height":1199,"caption":"Villa Perla Blanca"},"image":{"@id":"https:\/\/villa-perla-bianca.com\/#\/schema\/logo\/image\/"}}]}},"_links":{"self":[{"href":"https:\/\/villa-perla-bianca.com\/index.php\/wp-json\/wp\/v2\/pages\/796","targetHints":{"allow":["GET"]}}],"collection":[{"href":"https:\/\/villa-perla-bianca.com\/index.php\/wp-json\/wp\/v2\/pages"}],"about":[{"href":"https:\/\/villa-perla-bianca.com\/index.php\/wp-json\/wp\/v2\/types\/page"}],"author":[{"embeddable":true,"href":"https:\/\/villa-perla-bianca.com\/index.php\/wp-json\/wp\/v2\/users\/1"}],"replies":[{"embeddable":true,"href":"https:\/\/villa-perla-bianca.com\/index.php\/wp-json\/wp\/v2\/comments?post=796"}],"version-history":[{"count":7,"href":"https:\/\/villa-perla-bianca.com\/index.php\/wp-json\/wp\/v2\/pages\/796\/revisions"}],"predecessor-version":[{"id":1233,"href":"https:\/\/villa-perla-bianca.com\/index.php\/wp-json\/wp\/v2\/pages\/796\/revisions\/1233"}],"wp:attachment":[{"href":"https:\/\/villa-perla-bianca.com\/index.php\/wp-json\/wp\/v2\/media?parent=796"}],"curies":[{"name":"wp","href":"https:\/\/api.w.org\/{rel}","templated":true}]}}